{"id":1102,"date":"2020-10-27T11:53:11","date_gmt":"2020-10-27T11:53:11","guid":{"rendered":"http:\/\/www.grupoherrera.es\/puertas-de-pvc-copy\/"},"modified":"2024-05-06T09:51:57","modified_gmt":"2024-05-06T09:51:57","slug":"puertas-aluminio","status":"publish","type":"page","link":"https:\/\/grupoherrera.es\/carpinteria-metalica\/puertas-aluminio\/","title":{"rendered":"Puertas de Aluminio"},"content":{"rendered":"\n[et_pb_section fb_built=\u00bb1&#8243; _builder_version=\u00bb4.25.0&#8243; background_color=\u00bb#dd1c1c\u00bb custom_padding=\u00bb0px||0px|||\u00bb hover_enabled=\u00bb0&#8243; global_colors_info=\u00bb{}\u00bb module_class=\u00bbfranjaroja\u00bb sticky_enabled=\u00bb0&#8243;][et_pb_row _builder_version=\u00bb4.16&#8243; background_size=\u00bbinitial\u00bb background_position=\u00bbtop_left\u00bb background_repeat=\u00bbrepeat\u00bb global_colors_info=\u00bb{}\u00bb][et_pb_column type=\u00bb4_4&#8243; _builder_version=\u00bb4.16&#8243; custom_padding=\u00bb|||\u00bb global_colors_info=\u00bb{}\u00bb custom_padding__hover=\u00bb|||\u00bb][et_pb_text _builder_version=\u00bb4.20.4&#8243; _module_preset=\u00bbdefault\u00bb global_colors_info=\u00bb{}\u00bb]<div class=\"fl-module fl-module-heading fl-node-5f9f0bb42ac66\" data-node=\"5f9f0bb42ac66\">\n<div class=\"fl-module-content fl-node-content\"><\/div>\n<\/div>\n<div class=\"fl-col-group fl-node-5f9f0bb42ac67 fl-col-group-nested\" data-node=\"5f9f0bb42ac67\">\n<div class=\"fl-col fl-node-5f9f0bb42ac68\" data-node=\"5f9f0bb42ac68\">\n<div class=\"fl-col-content fl-node-content\">\n<div class=\"fl-module fl-module-rich-text fl-node-5f9f0bb42ac69\" data-node=\"5f9f0bb42ac69\">\n<div class=\"fl-module-content fl-node-content\">\n<div class=\"fl-rich-text\"><\/div>\n<\/div>\n<\/div>\n<\/div>\n<\/div>\n<\/div>\n<div class=\"fl-module fl-module-heading fl-node-5f9f0bb42ac66\" data-node=\"5f9f0bb42ac66\">\n<div class=\"fl-module-content fl-node-content\">\n<h1 class=\"fl-heading\"><span class=\"fl-heading-text\" style=\"color: #ffffff;\">PUERTAS DE ALUMINIO\u00a0<\/span><\/h1>\n<\/div>\n<\/div>\n<div class=\"fl-col-group fl-node-5f9f0bb42ac67 fl-col-group-nested\" data-node=\"5f9f0bb42ac67\">\n<div class=\"fl-col fl-node-5f9f0bb42ac68\" data-node=\"5f9f0bb42ac68\">\n<div class=\"fl-col-content fl-node-content\">\n<div class=\"fl-module fl-module-rich-text fl-node-5f9f0bb42ac69\" data-node=\"5f9f0bb42ac69\">\n<div class=\"fl-module-content fl-node-content\">\n<div class=\"fl-rich-text\">\n<p><span style=\"color: #ffffff;\">Puertas con un dise\u00f1o exclusivo, eficientes y con un ajuste perfecto<\/span><\/p>\n<\/div>\n<\/div>\n<\/div>\n<\/div>\n<\/div>\n<\/div>[\/et_pb_text][\/et_pb_column][\/et_pb_row][\/et_pb_section][et_pb_section fb_built=\u00bb1&#8243; _builder_version=\u00bb4.20.4&#8243; _module_preset=\u00bbdefault\u00bb global_colors_info=\u00bb{}\u00bb][et_pb_row column_structure=\u00bb1_2,1_2&#8243; _builder_version=\u00bb4.20.4&#8243; _module_preset=\u00bbdefault\u00bb global_colors_info=\u00bb{}\u00bb][et_pb_column type=\u00bb1_2&#8243; _builder_version=\u00bb4.20.4&#8243; _module_preset=\u00bbdefault\u00bb global_colors_info=\u00bb{}\u00bb][et_pb_text _builder_version=\u00bb4.20.4&#8243; _module_preset=\u00bbdefault\u00bb global_colors_info=\u00bb{}\u00bb]<h3>CONOCE NUESTRAS PUERTAS DE ALUMINIO<\/h3>\n<p>&nbsp;<\/p>\n<p>Puertas de Aluminio de alta calidad y fabricadas con la mayor tecnolog\u00eda para los clientes m\u00e1s exigentes.<\/p>\n<p>Disponibles en varios modelos tanto de perfiles como de dise\u00f1os, y con un ancho desde los 77mm, cumple con un\u00a0<strong>aislamiento ac\u00fastico perfecto<\/strong>.<\/p>[\/et_pb_text][\/et_pb_column][et_pb_column type=\u00bb1_2&#8243; _builder_version=\u00bb4.20.4&#8243; _module_preset=\u00bbdefault\u00bb global_colors_info=\u00bb{}\u00bb][et_pb_video src=\u00bbhttps:\/\/grupoherrera.es\/carpinteria-metalica\/wp-content\/uploads\/2023\/04\/Despiro-Exclusive-Doors-_-NL-1.mp4&#8243; image_src=\u00bbhttps:\/\/grupoherrera.es\/carpinteria-metalica\/wp-content\/uploads\/2023\/04\/portada_video.jpg\u00bb _builder_version=\u00bb4.20.4&#8243; _module_preset=\u00bbdefault\u00bb global_colors_info=\u00bb{}\u00bb][\/et_pb_video][\/et_pb_column][\/et_pb_row][et_pb_row _builder_version=\u00bb4.20.4&#8243; _module_preset=\u00bbdefault\u00bb custom_margin=\u00bb-35px|auto||auto||\u00bb custom_padding=\u00bb||1px|||\u00bb global_colors_info=\u00bb{}\u00bb][et_pb_column type=\u00bb4_4&#8243; _builder_version=\u00bb4.20.4&#8243; _module_preset=\u00bbdefault\u00bb global_colors_info=\u00bb{}\u00bb][et_pb_button button_text=\u00bbColores y Dise\u00f1os\u00bb _builder_version=\u00bb4.20.4&#8243; _module_preset=\u00bbdefault\u00bb custom_button=\u00bbon\u00bb button_text_color=\u00bb#ffffff\u00bb button_bg_color=\u00bb#dd1c1c\u00bb button_use_icon=\u00bboff\u00bb custom_margin=\u00bb-27px||-1px|||\u00bb custom_padding=\u00bb||4px|||\u00bb global_colors_info=\u00bb{}\u00bb][\/et_pb_button][et_pb_divider _builder_version=\u00bb4.20.4&#8243; _module_preset=\u00bbdefault\u00bb global_colors_info=\u00bb{}\u00bb][\/et_pb_divider][\/et_pb_column][\/et_pb_row][et_pb_row column_structure=\u00bb1_6,1_6,1_6,1_6,1_6,1_6&#8243; _builder_version=\u00bb4.20.4&#8243; _module_preset=\u00bbdefault\u00bb global_colors_info=\u00bb{}\u00bb][et_pb_column type=\u00bb1_6&#8243; _builder_version=\u00bb4.20.4&#8243; _module_preset=\u00bbdefault\u00bb global_colors_info=\u00bb{}\u00bb][et_pb_image src=\u00bbhttps:\/\/grupoherrera.es\/carpinteria-metalica\/wp-content\/uploads\/2020\/10\/disen\u0303o-puerta-1.jpg\u00bb title_text=\u00bbPuerta Aluminio | Grupo Herrera\u00bb _builder_version=\u00bb4.20.4&#8243; _module_preset=\u00bbdefault\u00bb global_colors_info=\u00bb{}\u00bb][\/et_pb_image][\/et_pb_column][et_pb_column type=\u00bb1_6&#8243; _builder_version=\u00bb4.20.4&#8243; _module_preset=\u00bbdefault\u00bb global_colors_info=\u00bb{}\u00bb][et_pb_image src=\u00bbhttps:\/\/grupoherrera.es\/carpinteria-metalica\/wp-content\/uploads\/2020\/10\/disen\u0303o-puerta-6.jpg\u00bb title_text=\u00bbPuerta Aluminio | Grupo Herrera\u00bb _builder_version=\u00bb4.20.4&#8243; _module_preset=\u00bbdefault\u00bb global_colors_info=\u00bb{}\u00bb][\/et_pb_image][\/et_pb_column][et_pb_column type=\u00bb1_6&#8243; _builder_version=\u00bb4.20.4&#8243; _module_preset=\u00bbdefault\u00bb global_colors_info=\u00bb{}\u00bb][et_pb_image src=\u00bbhttps:\/\/grupoherrera.es\/carpinteria-metalica\/wp-content\/uploads\/2020\/10\/disen\u0303o-puerta-2.jpg\u00bb title_text=\u00bbPuerta Aluminio | Grupo Herrera\u00bb _builder_version=\u00bb4.20.4&#8243; _module_preset=\u00bbdefault\u00bb global_colors_info=\u00bb{}\u00bb][\/et_pb_image][\/et_pb_column][et_pb_column type=\u00bb1_6&#8243; _builder_version=\u00bb4.20.4&#8243; _module_preset=\u00bbdefault\u00bb global_colors_info=\u00bb{}\u00bb][et_pb_image src=\u00bbhttps:\/\/grupoherrera.es\/carpinteria-metalica\/wp-content\/uploads\/2020\/10\/disen\u0303o-puerta-4.jpg\u00bb title_text=\u00bbPuerta Aluminio | Grupo Herrera\u00bb _builder_version=\u00bb4.20.4&#8243; _module_preset=\u00bbdefault\u00bb global_colors_info=\u00bb{}\u00bb][\/et_pb_image][\/et_pb_column][et_pb_column type=\u00bb1_6&#8243; _builder_version=\u00bb4.20.4&#8243; _module_preset=\u00bbdefault\u00bb global_colors_info=\u00bb{}\u00bb][et_pb_image src=\u00bbhttps:\/\/grupoherrera.es\/carpinteria-metalica\/wp-content\/uploads\/2020\/10\/disen\u0303o-puerta-5.jpg\u00bb title_text=\u00bbPuerta Aluminio | Grupo Herrera\u00bb _builder_version=\u00bb4.20.4&#8243; _module_preset=\u00bbdefault\u00bb global_colors_info=\u00bb{}\u00bb][\/et_pb_image][\/et_pb_column][et_pb_column type=\u00bb1_6&#8243; _builder_version=\u00bb4.20.4&#8243; _module_preset=\u00bbdefault\u00bb global_colors_info=\u00bb{}\u00bb][et_pb_image src=\u00bbhttps:\/\/grupoherrera.es\/carpinteria-metalica\/wp-content\/uploads\/2020\/10\/disen\u0303o-puerta-3.jpg\u00bb title_text=\u00bbPuerta Aluminio | Grupo Herrera\u00bb _builder_version=\u00bb4.20.4&#8243; _module_preset=\u00bbdefault\u00bb global_colors_info=\u00bb{}\u00bb][\/et_pb_image][\/et_pb_column][\/et_pb_row][et_pb_row _builder_version=\u00bb4.20.4&#8243; _module_preset=\u00bbdefault\u00bb global_colors_info=\u00bb{}\u00bb][et_pb_column type=\u00bb4_4&#8243; _builder_version=\u00bb4.20.4&#8243; _module_preset=\u00bbdefault\u00bb global_colors_info=\u00bb{}\u00bb][et_pb_button button_text=\u00bbCaracter\u00edsticas de Nuestras Puertas\u00bb _builder_version=\u00bb4.20.4&#8243; _module_preset=\u00bbdefault\u00bb custom_button=\u00bbon\u00bb button_text_size=\u00bb25px\u00bb button_text_color=\u00bb#ffffff\u00bb button_bg_color=\u00bb#dd1c1c\u00bb button_use_icon=\u00bboff\u00bb custom_margin=\u00bb12px||-1px|||\u00bb custom_padding=\u00bb0px||4px|||\u00bb global_colors_info=\u00bb{}\u00bb][\/et_pb_button][et_pb_divider _builder_version=\u00bb4.20.4&#8243; _module_preset=\u00bbdefault\u00bb custom_margin=\u00bb2px|||||\u00bb global_colors_info=\u00bb{}\u00bb][\/et_pb_divider][\/et_pb_column][\/et_pb_row][et_pb_row column_structure=\u00bb1_3,1_3,1_3&#8243; _builder_version=\u00bb4.20.4&#8243; _module_preset=\u00bbdefault\u00bb global_colors_info=\u00bb{}\u00bb][et_pb_column type=\u00bb1_3&#8243; _builder_version=\u00bb4.20.4&#8243; _module_preset=\u00bbdefault\u00bb global_colors_info=\u00bb{}\u00bb][\/et_pb_column][et_pb_column type=\u00bb1_3&#8243; _builder_version=\u00bb4.20.4&#8243; _module_preset=\u00bbdefault\u00bb global_colors_info=\u00bb{}\u00bb][et_pb_blurb title=\u00bbDESPIRO\u00bb image=\u00bbhttps:\/\/grupoherrera.es\/carpinteria-metalica\/wp-content\/uploads\/2020\/10\/despiro.jpg\u00bb _builder_version=\u00bb4.20.4&#8243; _module_preset=\u00bbdefault\u00bb global_colors_info=\u00bb{}\u00bb][\/et_pb_blurb][et_pb_text _builder_version=\u00bb4.20.4&#8243; _module_preset=\u00bbdefault\u00bb global_colors_info=\u00bb{}\u00bb]<h5><strong>Especificaciones t\u00e9cnicas<\/strong><\/h5>[\/et_pb_text][et_pb_text _builder_version=\u00bb4.20.4&#8243; _module_preset=\u00bbdefault\u00bb background_color=\u00bb#e2e2e2&#8243; custom_margin=\u00bb||1px|||\u00bb custom_padding=\u00bb9px||9px||false|false\u00bb global_colors_info=\u00bb{}\u00bb]<p style=\"text-align: left;\">\u00a0Sistema\u00a0 \u00a0 \u00a0 \u00a0 \u00a0 \u00a0 \u00a0 \u00a0 \u00a0 \u00a0 \u00a0 \u00a0 \u00a0 \u00a0 \u00a0 \u00a0 \u00a0 \u00a0 \u00a0 \u00a0 \u00a0 \u00a0 \u00a0 \u00a0 \u00a0 \u00a0 \u00a0 \u00a0 \u00a0 \u00a0 MB-86<\/p>[\/et_pb_text][et_pb_text _builder_version=\u00bb4.20.4&#8243; _module_preset=\u00bbdefault\u00bb background_color=\u00bb#fcfcfc\u00bb custom_margin=\u00bb||1px|||\u00bb custom_padding=\u00bb9px||9px||false|false\u00bb global_colors_info=\u00bb{}\u00bb]<p style=\"text-align: left;\">\u00a0N\u00ba C\u00e1maras\u00a0 \u00a0 \u00a0 \u00a0 \u00a0 \u00a0 \u00a0 \u00a0 \u00a0 \u00a0 \u00a0 \u00a0 \u00a0 \u00a0 \u00a0 \u00a0 \u00a0 \u00a0 \u00a0 \u00a0 \u00a0 \u00a0 \u00a0 \u00a0 \u00a0 \u00a0 \u00a0 \u00a0 \u00a0 \u00a0 \u00a0 2<\/p>[\/et_pb_text][et_pb_text _builder_version=\u00bb4.20.4&#8243; _module_preset=\u00bbdefault\u00bb background_color=\u00bb#e2e2e2&#8243; custom_margin=\u00bb||1px|||\u00bb custom_padding=\u00bb9px||9px||false|false\u00bb global_colors_info=\u00bb{}\u00bb]<p style=\"text-align: left;\">\u00a0Profundidad perfil\u00a0 \u00a0 \u00a0 \u00a0 \u00a0 \u00a0 \u00a0 \u00a0 \u00a0 \u00a0 \u00a0 \u00a0 \u00a0 \u00a0 \u00a0 \u00a0 \u00a0 \u00a0 \u00a0 \u00a0 70mm<\/p>[\/et_pb_text][et_pb_text _builder_version=\u00bb4.20.4&#8243; _module_preset=\u00bbdefault\u00bb background_color=\u00bb#fcfcfc\u00bb custom_margin=\u00bb||1px|||\u00bb custom_padding=\u00bb9px||9px||false|false\u00bb global_colors_info=\u00bb{}\u00bb]<p style=\"text-align: left;\">Tipo Aislamientos\u00a0 \u00a0 \u00a0 \u00a0 \u00a0 \u00a0 \u00a0 \u00a0 \u00a0 \u00a0 \u00a0 \u00a0 <span>ST, SI, SI + y AERO<\/span><\/p>[\/et_pb_text][et_pb_button button_url=\u00bbhttps:\/\/web.grupoherrera.es\/wp-content\/uploads\/2021\/11\/catalogo-puertas-grupo-herrera-web.pdf\u00bb url_new_window=\u00bbon\u00bb button_text=\u00bbDescargar Cat\u00e1logo\u00bb button_alignment=\u00bbcenter\u00bb _builder_version=\u00bb4.20.4&#8243; _module_preset=\u00bbdefault\u00bb custom_button=\u00bbon\u00bb button_text_size=\u00bb15px\u00bb button_text_color=\u00bb#ffffff\u00bb button_bg_color=\u00bb#dd1c1c\u00bb button_border_width=\u00bb0px\u00bb button_icon=\u00bb&#xe092;||divi||400&#8243; custom_margin=\u00bb30px||||false|false\u00bb box_shadow_style=\u00bbpreset4&#8243; global_colors_info=\u00bb{}\u00bb][\/et_pb_button][\/et_pb_column][et_pb_column type=\u00bb1_3&#8243; _builder_version=\u00bb4.20.4&#8243; _module_preset=\u00bbdefault\u00bb global_colors_info=\u00bb{}\u00bb][\/et_pb_column][\/et_pb_row][\/et_pb_section]\n","protected":false},"excerpt":{"rendered":"<p>PUERTAS DE ALUMINIO\u00a0 Puertas con un dise\u00f1o exclusivo, eficientes y con un ajuste perfecto CONOCE NUESTRAS PUERTAS DE ALUMINIO &nbsp; Puertas de Aluminio de alta calidad y fabricadas con la mayor tecnolog\u00eda para los clientes m\u00e1s exigentes. Disponibles en varios modelos tanto de perfiles como de dise\u00f1os, y con un ancho desde los 77mm, cumple [&hellip;]<\/p>\n","protected":false},"author":4,"featured_media":1251,"parent":0,"menu_order":0,"comment_status":"closed","ping_status":"closed","template":"","meta":{"_et_pb_use_builder":"on","_et_pb_old_content":"<!-- wp:fl-builder\/layout -->\n<h1>\n\t\tPUERTAS DE ALUMINIO\n\t<\/h1>\n\t<p>Puertas con un dise\u00f1o exclusivo, eficientes y con un ajuste perfecto.<\/p>\n<h3>CONOCE NUESTRAS PUERTAS DE ALUMINIO<\/h3>\n<p>Puertas de Aluminio de alta calidad y fabricadas con la mayor tecnolog\u00eda para los clientes m\u00e1s exigentes.<\/p>\n<p>Disponibles en varios modelos tanto de perfiles como de dise\u00f1os, y con un ancho desde los 77mm, cumple con un&nbsp;<strong>aislamiento ac\u00fastico perfecto<\/strong>.<\/p>\n\t<meta itemprop=\"url\" content=\"https:\/\/grupoherrera.es\/carpinteria-metalica\/wp-content\/uploads\/2020\/11\/Despiro-Exclusive-Doors-_-NL-1.mp4\">[video mp4=\"https:\/\/grupoherrera.es\/carpinteria-metalica\/wp-content\/uploads\/2020\/11\/Despiro-Exclusive-Doors-_-NL-1.mp4\" poster=\"https:\/\/grupoherrera.es\/carpinteria-metalica\/wp-content\/uploads\/2020\/11\/portada_video.jpg\"  preload=\"none\"][\/video]\n<h5>\n\t\tColores y Dise\u00f1os\n\t<\/h5>\n\t<hr>\n\t[metaslider id=\"1128\"]\n\t<hr>\n<h5>\n\t\tCaracter\u00edsticas de Nuestras Puertas\n\t<\/h5>\n\t<hr>\n<figure><img src=\"https:\/\/grupoherrera.es\/carpinteria-metalica\/wp-content\/uploads\/2020\/10\/despiro.jpg\" alt=\"\"><\/figure>\n<h3>DESPIRO<\/h3>\n<h4>Especificaciones t\u00e9cnicas<\/h4>\n<figure>\n<table>\n<tbody>\n<tr>\n<td>Sistema<\/td>\n<td data-align=\"right\">MB-86<\/td>\n<\/tr>\n<tr>\n<td>N\u00ba C\u00e1maras<\/td>\n<td data-align=\"right\">2<\/td>\n<\/tr>\n<tr>\n<td>Profunidad perfil<\/td>\n<td data-align=\"right\">77mm<\/td>\n<\/tr>\n<tr>\n<td>Tipos aislamientos<\/td>\n<td data-align=\"right\">ST, SI, SI + y AERO<\/td>\n<\/tr>\n<\/tbody>\n<\/table>\n<\/figure>\n<p><a href=\"https:\/\/grupoherrera.es\/carpinteria-metalica\/wp-content\/uploads\/2021\/11\/catalogo-puertas-grupo-herrera-web.pdf\" target=\"_blank\" rel=\"noreferrer noopener\" aria-label=\" (se abre en una nueva pesta\u00f1a)\">Descargar Cat\u00e1logo<\/a><\/p>\n<!-- \/wp:fl-builder\/layout -->","_et_gb_content_width":"","_joinchat":[],"footnotes":""},"class_list":["post-1102","page","type-page","status-publish","has-post-thumbnail","hentry"],"yoast_head":"<!-- This site is optimized with the Yoast SEO plugin v27.4 - https:\/\/yoast.com\/product\/yoast-seo-wordpress\/ -->\n<title>Puertas de aluminio de aislamiento ac\u00fastico perfecto<\/title>\n<meta name=\"description\" content=\"Puertas de aluminio de dise\u00f1o exclusivo, ajuste perfecto y fabricadas con la mayor tecnolog\u00eda. Alta calidad que consigue un aislamiento ac\u00fastico\" \/>\n<meta name=\"robots\" content=\"index, follow, max-snippet:-1, max-image-preview:large, max-video-preview:-1\" \/>\n<link rel=\"canonical\" href=\"https:\/\/grupoherrera.es\/carpinteria-metalica\/puertas-aluminio\/\" \/>\n<meta property=\"og:locale\" content=\"es_ES\" \/>\n<meta property=\"og:type\" content=\"article\" \/>\n<meta property=\"og:title\" content=\"Puertas de aluminio de aislamiento ac\u00fastico perfecto\" \/>\n<meta property=\"og:description\" content=\"Puertas de aluminio de dise\u00f1o exclusivo, ajuste perfecto y fabricadas con la mayor tecnolog\u00eda. Alta calidad que consigue un aislamiento ac\u00fastico\" \/>\n<meta property=\"og:url\" content=\"https:\/\/grupoherrera.es\/carpinteria-metalica\/puertas-aluminio\/\" \/>\n<meta property=\"og:site_name\" content=\"Grupo Herrera\" \/>\n<meta property=\"article:modified_time\" content=\"2024-05-06T09:51:57+00:00\" \/>\n<meta property=\"og:image\" content=\"https:\/\/grupoherrera.es\/carpinteria-metalica\/wp-content\/uploads\/2020\/11\/portada_video.jpg\" \/>\n\t<meta property=\"og:image:width\" content=\"700\" \/>\n\t<meta property=\"og:image:height\" content=\"432\" \/>\n\t<meta property=\"og:image:type\" content=\"image\/jpeg\" \/>\n<meta name=\"twitter:card\" content=\"summary_large_image\" \/>\n<meta name=\"twitter:label1\" content=\"Tiempo de lectura\" \/>\n\t<meta name=\"twitter:data1\" content=\"2 minutos\" \/>\n<script type=\"application\/ld+json\" class=\"yoast-schema-graph\">{\"@context\":\"https:\\\/\\\/schema.org\",\"@graph\":[{\"@type\":\"WebPage\",\"@id\":\"https:\\\/\\\/grupoherrera.es\\\/carpinteria-metalica\\\/puertas-aluminio\\\/\",\"url\":\"https:\\\/\\\/grupoherrera.es\\\/carpinteria-metalica\\\/puertas-aluminio\\\/\",\"name\":\"Puertas de aluminio de aislamiento ac\u00fastico perfecto\",\"isPartOf\":{\"@id\":\"https:\\\/\\\/grupoherrera.es\\\/carpinteria-metalica\\\/#website\"},\"primaryImageOfPage\":{\"@id\":\"https:\\\/\\\/grupoherrera.es\\\/carpinteria-metalica\\\/puertas-aluminio\\\/#primaryimage\"},\"image\":{\"@id\":\"https:\\\/\\\/grupoherrera.es\\\/carpinteria-metalica\\\/puertas-aluminio\\\/#primaryimage\"},\"thumbnailUrl\":\"https:\\\/\\\/grupoherrera.es\\\/carpinteria-metalica\\\/wp-content\\\/uploads\\\/2020\\\/11\\\/portada_video.jpg\",\"datePublished\":\"2020-10-27T11:53:11+00:00\",\"dateModified\":\"2024-05-06T09:51:57+00:00\",\"description\":\"Puertas de aluminio de dise\u00f1o exclusivo, ajuste perfecto y fabricadas con la mayor tecnolog\u00eda. Alta calidad que consigue un aislamiento ac\u00fastico\",\"breadcrumb\":{\"@id\":\"https:\\\/\\\/grupoherrera.es\\\/carpinteria-metalica\\\/puertas-aluminio\\\/#breadcrumb\"},\"inLanguage\":\"es\",\"potentialAction\":[{\"@type\":\"ReadAction\",\"target\":[\"https:\\\/\\\/grupoherrera.es\\\/carpinteria-metalica\\\/puertas-aluminio\\\/\"]}]},{\"@type\":\"ImageObject\",\"inLanguage\":\"es\",\"@id\":\"https:\\\/\\\/grupoherrera.es\\\/carpinteria-metalica\\\/puertas-aluminio\\\/#primaryimage\",\"url\":\"https:\\\/\\\/grupoherrera.es\\\/carpinteria-metalica\\\/wp-content\\\/uploads\\\/2020\\\/11\\\/portada_video.jpg\",\"contentUrl\":\"https:\\\/\\\/grupoherrera.es\\\/carpinteria-metalica\\\/wp-content\\\/uploads\\\/2020\\\/11\\\/portada_video.jpg\",\"width\":700,\"height\":432,\"caption\":\"puerta\"},{\"@type\":\"BreadcrumbList\",\"@id\":\"https:\\\/\\\/grupoherrera.es\\\/carpinteria-metalica\\\/puertas-aluminio\\\/#breadcrumb\",\"itemListElement\":[{\"@type\":\"ListItem\",\"position\":1,\"name\":\"Portada\",\"item\":\"https:\\\/\\\/grupoherrera.es\\\/carpinteria-metalica\\\/\"},{\"@type\":\"ListItem\",\"position\":2,\"name\":\"Puertas de Aluminio\"}]},{\"@type\":\"WebSite\",\"@id\":\"https:\\\/\\\/grupoherrera.es\\\/carpinteria-metalica\\\/#website\",\"url\":\"https:\\\/\\\/grupoherrera.es\\\/carpinteria-metalica\\\/\",\"name\":\"Grupo Herrera\",\"description\":\"Grupo Herrera. Especialistas en casas modulares a medida\",\"publisher\":{\"@id\":\"https:\\\/\\\/grupoherrera.es\\\/carpinteria-metalica\\\/#organization\"},\"potentialAction\":[{\"@type\":\"SearchAction\",\"target\":{\"@type\":\"EntryPoint\",\"urlTemplate\":\"https:\\\/\\\/grupoherrera.es\\\/carpinteria-metalica\\\/?s={search_term_string}\"},\"query-input\":{\"@type\":\"PropertyValueSpecification\",\"valueRequired\":true,\"valueName\":\"search_term_string\"}}],\"inLanguage\":\"es\"},{\"@type\":\"Organization\",\"@id\":\"https:\\\/\\\/grupoherrera.es\\\/carpinteria-metalica\\\/#organization\",\"name\":\"Grupo Herrera\",\"url\":\"https:\\\/\\\/grupoherrera.es\\\/carpinteria-metalica\\\/\",\"logo\":{\"@type\":\"ImageObject\",\"inLanguage\":\"es\",\"@id\":\"https:\\\/\\\/grupoherrera.es\\\/carpinteria-metalica\\\/#\\\/schema\\\/logo\\\/image\\\/\",\"url\":\"https:\\\/\\\/grupoherrera.es\\\/carpinteria-metalica\\\/wp-content\\\/uploads\\\/2021\\\/10\\\/cropped-LOGO-GRUPO-HERRERA-vs2-1.png\",\"contentUrl\":\"https:\\\/\\\/grupoherrera.es\\\/carpinteria-metalica\\\/wp-content\\\/uploads\\\/2021\\\/10\\\/cropped-LOGO-GRUPO-HERRERA-vs2-1.png\",\"width\":1098,\"height\":375,\"caption\":\"Grupo Herrera\"},\"image\":{\"@id\":\"https:\\\/\\\/grupoherrera.es\\\/carpinteria-metalica\\\/#\\\/schema\\\/logo\\\/image\\\/\"}}]}<\/script>\n<!-- \/ Yoast SEO plugin. -->","yoast_head_json":{"title":"Puertas de aluminio de aislamiento ac\u00fastico perfecto","description":"Puertas de aluminio de dise\u00f1o exclusivo, ajuste perfecto y fabricadas con la mayor tecnolog\u00eda. Alta calidad que consigue un aislamiento ac\u00fastico","robots":{"index":"index","follow":"follow","max-snippet":"max-snippet:-1","max-image-preview":"max-image-preview:large","max-video-preview":"max-video-preview:-1"},"canonical":"https:\/\/grupoherrera.es\/carpinteria-metalica\/puertas-aluminio\/","og_locale":"es_ES","og_type":"article","og_title":"Puertas de aluminio de aislamiento ac\u00fastico perfecto","og_description":"Puertas de aluminio de dise\u00f1o exclusivo, ajuste perfecto y fabricadas con la mayor tecnolog\u00eda. Alta calidad que consigue un aislamiento ac\u00fastico","og_url":"https:\/\/grupoherrera.es\/carpinteria-metalica\/puertas-aluminio\/","og_site_name":"Grupo Herrera","article_modified_time":"2024-05-06T09:51:57+00:00","og_image":[{"width":700,"height":432,"url":"https:\/\/grupoherrera.es\/carpinteria-metalica\/wp-content\/uploads\/2020\/11\/portada_video.jpg","type":"image\/jpeg"}],"twitter_card":"summary_large_image","twitter_misc":{"Tiempo de lectura":"2 minutos"},"schema":{"@context":"https:\/\/schema.org","@graph":[{"@type":"WebPage","@id":"https:\/\/grupoherrera.es\/carpinteria-metalica\/puertas-aluminio\/","url":"https:\/\/grupoherrera.es\/carpinteria-metalica\/puertas-aluminio\/","name":"Puertas de aluminio de aislamiento ac\u00fastico perfecto","isPartOf":{"@id":"https:\/\/grupoherrera.es\/carpinteria-metalica\/#website"},"primaryImageOfPage":{"@id":"https:\/\/grupoherrera.es\/carpinteria-metalica\/puertas-aluminio\/#primaryimage"},"image":{"@id":"https:\/\/grupoherrera.es\/carpinteria-metalica\/puertas-aluminio\/#primaryimage"},"thumbnailUrl":"https:\/\/grupoherrera.es\/carpinteria-metalica\/wp-content\/uploads\/2020\/11\/portada_video.jpg","datePublished":"2020-10-27T11:53:11+00:00","dateModified":"2024-05-06T09:51:57+00:00","description":"Puertas de aluminio de dise\u00f1o exclusivo, ajuste perfecto y fabricadas con la mayor tecnolog\u00eda. Alta calidad que consigue un aislamiento ac\u00fastico","breadcrumb":{"@id":"https:\/\/grupoherrera.es\/carpinteria-metalica\/puertas-aluminio\/#breadcrumb"},"inLanguage":"es","potentialAction":[{"@type":"ReadAction","target":["https:\/\/grupoherrera.es\/carpinteria-metalica\/puertas-aluminio\/"]}]},{"@type":"ImageObject","inLanguage":"es","@id":"https:\/\/grupoherrera.es\/carpinteria-metalica\/puertas-aluminio\/#primaryimage","url":"https:\/\/grupoherrera.es\/carpinteria-metalica\/wp-content\/uploads\/2020\/11\/portada_video.jpg","contentUrl":"https:\/\/grupoherrera.es\/carpinteria-metalica\/wp-content\/uploads\/2020\/11\/portada_video.jpg","width":700,"height":432,"caption":"puerta"},{"@type":"BreadcrumbList","@id":"https:\/\/grupoherrera.es\/carpinteria-metalica\/puertas-aluminio\/#breadcrumb","itemListElement":[{"@type":"ListItem","position":1,"name":"Portada","item":"https:\/\/grupoherrera.es\/carpinteria-metalica\/"},{"@type":"ListItem","position":2,"name":"Puertas de Aluminio"}]},{"@type":"WebSite","@id":"https:\/\/grupoherrera.es\/carpinteria-metalica\/#website","url":"https:\/\/grupoherrera.es\/carpinteria-metalica\/","name":"Grupo Herrera","description":"Grupo Herrera. Especialistas en casas modulares a medida","publisher":{"@id":"https:\/\/grupoherrera.es\/carpinteria-metalica\/#organization"},"potentialAction":[{"@type":"SearchAction","target":{"@type":"EntryPoint","urlTemplate":"https:\/\/grupoherrera.es\/carpinteria-metalica\/?s={search_term_string}"},"query-input":{"@type":"PropertyValueSpecification","valueRequired":true,"valueName":"search_term_string"}}],"inLanguage":"es"},{"@type":"Organization","@id":"https:\/\/grupoherrera.es\/carpinteria-metalica\/#organization","name":"Grupo Herrera","url":"https:\/\/grupoherrera.es\/carpinteria-metalica\/","logo":{"@type":"ImageObject","inLanguage":"es","@id":"https:\/\/grupoherrera.es\/carpinteria-metalica\/#\/schema\/logo\/image\/","url":"https:\/\/grupoherrera.es\/carpinteria-metalica\/wp-content\/uploads\/2021\/10\/cropped-LOGO-GRUPO-HERRERA-vs2-1.png","contentUrl":"https:\/\/grupoherrera.es\/carpinteria-metalica\/wp-content\/uploads\/2021\/10\/cropped-LOGO-GRUPO-HERRERA-vs2-1.png","width":1098,"height":375,"caption":"Grupo Herrera"},"image":{"@id":"https:\/\/grupoherrera.es\/carpinteria-metalica\/#\/schema\/logo\/image\/"}}]}},"_links":{"self":[{"href":"https:\/\/grupoherrera.es\/carpinteria-metalica\/wp-json\/wp\/v2\/pages\/1102","targetHints":{"allow":["GET"]}}],"collection":[{"href":"https:\/\/grupoherrera.es\/carpinteria-metalica\/wp-json\/wp\/v2\/pages"}],"about":[{"href":"https:\/\/grupoherrera.es\/carpinteria-metalica\/wp-json\/wp\/v2\/types\/page"}],"author":[{"embeddable":true,"href":"https:\/\/grupoherrera.es\/carpinteria-metalica\/wp-json\/wp\/v2\/users\/4"}],"replies":[{"embeddable":true,"href":"https:\/\/grupoherrera.es\/carpinteria-metalica\/wp-json\/wp\/v2\/comments?post=1102"}],"version-history":[{"count":27,"href":"https:\/\/grupoherrera.es\/carpinteria-metalica\/wp-json\/wp\/v2\/pages\/1102\/revisions"}],"predecessor-version":[{"id":3052,"href":"https:\/\/grupoherrera.es\/carpinteria-metalica\/wp-json\/wp\/v2\/pages\/1102\/revisions\/3052"}],"wp:featuredmedia":[{"embeddable":true,"href":"https:\/\/grupoherrera.es\/carpinteria-metalica\/wp-json\/wp\/v2\/media\/1251"}],"wp:attachment":[{"href":"https:\/\/grupoherrera.es\/carpinteria-metalica\/wp-json\/wp\/v2\/media?parent=1102"}],"curies":[{"name":"wp","href":"https:\/\/api.w.org\/{rel}","templated":true}]}}